{"id":13,"date":"2014-11-22T13:47:21","date_gmt":"2014-11-22T13:47:21","guid":{"rendered":"http:\/\/moon.designagent.sk\/?page_id=5"},"modified":"2015-07-20T18:17:39","modified_gmt":"2015-07-20T16:17:39","slug":"about","status":"publish","type":"page","link":"https:\/\/daskleeblatt.com\/?page_id=13","title":{"rendered":"Mein Gl\u00fcck"},"content":{"rendered":"<h1>Das Kleeblatt, ein Erlebnis f\u00fcr alle Sinne<\/h1>\n<hr \/>\n<p>Sch\u00f6ne Dinge haben bereits in der Kindheit meine Faszination geweckt.\u00a0Damals habe ich so manchen Hausarrest riskiert, wenn ich wieder mal mit Mamas bestem Geschirr Verkaufen spielte oder im Garten Blumen abschnitt, um damit Haus und Hof zu schm\u00fccken. Ich tr\u00e4umte schon in meiner Jugend von einem\u00a0eigenen Laden, wo ich meine Dekorationsideen ausleben k\u00f6nnte.<br \/>\nIn der kleinen Gemeinde Hobbach, mitten im Herzen des Spessarts, wo ich mit meiner Familie am Ortsrand in einem Wohnhaus im Landhausstil lebe, habe ich 2005 mein Gesch\u00e4ft \u201eDas Kleeblatt\u201c im rustikalen Nebengeb\u00e4ude er\u00f6ffnet. In unserem wundersch\u00f6nen Garten mit Ententeich k\u00f6nnen meine Kunden die Seele baumeln lassen, durch den Garten spazieren oder bei einer Tasse Kaffee am gro\u00dfen Tisch unter dem Sonnenschirm vom Alltag ausruhen und sich stressfrei dem Erlebniseinkauf widmen.<br \/>\nVoller Stolz schaue ich auf meinen gro\u00dfen Kundenstamm. Bei jedem Einzelnen m\u00f6chte ich mich, hier an dieser Stelle, bedanken. Es ist mir eine gro\u00dfe Freude Sie bei mir, in diesem Ambiente, beraten zu d\u00fcrfen. Meinen ganz besonderen Dank m\u00f6chte ich meiner Familie aussprechen die mich mit Rat und Tat unterst\u00fctzt, ohne Euch w\u00e4re \u201eDas Kleeblatt\u201c nicht ein Kleeblatt.<br \/>\nDanke Karl, dass du mit mir meinen Traum aufgebaut und verwirklicht hast. Danke f\u00fcr deine Hilfe&#8230; &#8211; die jetzt so sehr fehlt.<\/p>\n<p><a class=\"button white\" title=\"Contact\" href=\"https:\/\/daskleeblatt.com\/?page_id=33\">Contact us<\/a><\/p>\n","protected":false},"excerpt":{"rendered":"<p>Das Kleeblatt, ein Erlebnis f\u00fcr alle Sinne Sch\u00f6ne Dinge haben bereits in der Kindheit meine Faszination geweckt.\u00a0Damals habe ich so manchen Hausarrest riskiert, wenn ich wieder mal mit Mamas bestem Geschirr Verkaufen spielte oder im Garten Blumen abschnitt, um damit Haus und Hof zu schm\u00fccken. Ich tr\u00e4umte schon in meiner Jugend von einem\u00a0eigenen Laden, wo <a href=\"https:\/\/daskleeblatt.com\/?page_id=13\" class=\"more-link\">[&hellip;]<\/a><\/p>\n","protected":false},"author":1,"featured_media":735,"parent":0,"menu_order":0,"comment_status":"open","ping_status":"open","template":"","meta":[],"_links":{"self":[{"href":"https:\/\/daskleeblatt.com\/index.php?rest_route=\/wp\/v2\/pages\/13"}],"collection":[{"href":"https:\/\/daskleeblatt.com\/index.php?rest_route=\/wp\/v2\/pages"}],"about":[{"href":"https:\/\/daskleeblatt.com\/index.php?rest_route=\/wp\/v2\/types\/page"}],"author":[{"embeddable":true,"href":"https:\/\/daskleeblatt.com\/index.php?rest_route=\/wp\/v2\/users\/1"}],"replies":[{"embeddable":true,"href":"https:\/\/daskleeblatt.com\/index.php?rest_route=%2Fwp%2Fv2%2Fcomments&post=13"}],"version-history":[{"count":9,"href":"https:\/\/daskleeblatt.com\/index.php?rest_route=\/wp\/v2\/pages\/13\/revisions"}],"predecessor-version":[{"id":1028,"href":"https:\/\/daskleeblatt.com\/index.php?rest_route=\/wp\/v2\/pages\/13\/revisions\/1028"}],"wp:featuredmedia":[{"embeddable":true,"href":"https:\/\/daskleeblatt.com\/index.php?rest_route=\/wp\/v2\/media\/735"}],"wp:attachment":[{"href":"https:\/\/daskleeblatt.com\/index.php?rest_route=%2Fwp%2Fv2%2Fmedia&parent=13"}],"curies":[{"name":"wp","href":"https:\/\/api.w.org\/{rel}","templated":true}]}}